{"id":7499,"date":"2022-04-08T12:25:23","date_gmt":"2022-04-08T12:25:23","guid":{"rendered":"https:\/\/jamilleanahata.com\/?page_id=7499"},"modified":"2024-02-13T21:11:01","modified_gmt":"2024-02-13T21:11:01","slug":"pensamentos","status":"publish","type":"page","link":"https:\/\/jamilleanahata.com\/en\/blog\/pensamentos\/","title":{"rendered":"pensamentos"},"content":{"rendered":"<div data-elementor-type=\"wp-page\" data-elementor-id=\"7499\" class=\"elementor elementor-7499\">\n\t\t\t\t\t\t<section class=\"elementor-section elementor-top-section elementor-element elementor-element-ae173ec elementor-section-boxed elementor-section-height-default elementor-section-height-default\" data-id=\"ae173ec\" data-element_type=\"section\" data-e-type=\"section\" data-settings=\"{&quot;background_background&quot;:&quot;classic&quot;}\">\n\t\t\t\t\t\t<div class=\"elementor-container elementor-column-gap-default\">\n\t\t\t\t\t<div class=\"elementor-column elementor-col-100 elementor-top-column elementor-element elementor-element-99826b3\" data-id=\"99826b3\" data-element_type=\"column\" data-e-type=\"column\">\n\t\t\t<div class=\"elementor-widget-wrap elementor-element-populated\">\n\t\t\t\t\t\t<div class=\"elementor-element elementor-element-4ac9c6d elementor-widget elementor-widget-image\" data-id=\"4ac9c6d\" data-element_type=\"widget\" data-e-type=\"widget\" data-widget_type=\"image.default\">\n\t\t\t\t<div class=\"elementor-widget-container\">\n\t\t\t\t\t\t\t\t\t\t\t\t\t\t\t<img fetchpriority=\"high\" decoding=\"async\" width=\"1080\" height=\"1080\" src=\"https:\/\/jamilleanahata.com\/wp-content\/uploads\/2022\/04\/formativo.png\" class=\"attachment-full size-full wp-image-7466\" alt=\"\" srcset=\"https:\/\/jamilleanahata.com\/wp-content\/uploads\/2022\/04\/formativo.png 1080w, https:\/\/jamilleanahata.com\/wp-content\/uploads\/2022\/04\/formativo-300x300.png 300w, https:\/\/jamilleanahata.com\/wp-content\/uploads\/2022\/04\/formativo-1024x1024.png 1024w, https:\/\/jamilleanahata.com\/wp-content\/uploads\/2022\/04\/formativo-150x150.png 150w, https:\/\/jamilleanahata.com\/wp-content\/uploads\/2022\/04\/formativo-768x768.png 768w, https:\/\/jamilleanahata.com\/wp-content\/uploads\/2022\/04\/formativo-12x12.png 12w\" sizes=\"(max-width: 1080px) 100vw, 1080px\" \/>\t\t\t\t\t\t\t\t\t\t\t\t\t\t\t<\/div>\n\t\t\t\t<\/div>\n\t\t\t\t<div class=\"elementor-element elementor-element-d16ba06 elementor-widget elementor-widget-heading\" data-id=\"d16ba06\" data-element_type=\"widget\" data-e-type=\"widget\" data-widget_type=\"heading.default\">\n\t\t\t\t<div class=\"elementor-widget-container\">\n\t\t\t\t\t<h2 class=\"elementor-heading-title elementor-size-default\">pensamentos<\/h2>\t\t\t\t<\/div>\n\t\t\t\t<\/div>\n\t\t\t\t\t<\/div>\n\t\t<\/div>\n\t\t\t\t\t<\/div>\n\t\t<\/section>\n\t\t\t\t<section class=\"elementor-section elementor-top-section elementor-element elementor-element-a586737 elementor-section-boxed elementor-section-height-default elementor-section-height-default\" data-id=\"a586737\" data-element_type=\"section\" data-e-type=\"section\">\n\t\t\t\t\t\t<div class=\"elementor-container elementor-column-gap-default\">\n\t\t\t\t\t<div class=\"elementor-column elementor-col-100 elementor-top-column elementor-element elementor-element-6ddf09e\" data-id=\"6ddf09e\" data-element_type=\"column\" data-e-type=\"column\">\n\t\t\t<div class=\"elementor-widget-wrap elementor-element-populated\">\n\t\t\t\t\t\t<div class=\"elementor-element elementor-element-f352674 elementor-grid-3 elementor-grid-tablet-2 elementor-grid-mobile-1 elementor-posts--thumbnail-top elementor-card-shadow-yes elementor-posts__hover-gradient elementor-widget elementor-widget-posts\" data-id=\"f352674\" data-element_type=\"widget\" data-e-type=\"widget\" data-settings=\"{&quot;pagination_type&quot;:&quot;load_more_infinite_scroll&quot;,&quot;cards_columns&quot;:&quot;3&quot;,&quot;cards_columns_tablet&quot;:&quot;2&quot;,&quot;cards_columns_mobile&quot;:&quot;1&quot;,&quot;cards_row_gap&quot;:{&quot;unit&quot;:&quot;px&quot;,&quot;size&quot;:35,&quot;sizes&quot;:[]},&quot;cards_row_gap_tablet&quot;:{&quot;unit&quot;:&quot;px&quot;,&quot;size&quot;:&quot;&quot;,&quot;sizes&quot;:[]},&quot;cards_row_gap_mobile&quot;:{&quot;unit&quot;:&quot;px&quot;,&quot;size&quot;:&quot;&quot;,&quot;sizes&quot;:[]},&quot;load_more_spinner&quot;:{&quot;value&quot;:&quot;fas fa-spinner&quot;,&quot;library&quot;:&quot;fa-solid&quot;}}\" data-widget_type=\"posts.cards\">\n\t\t\t\t<div class=\"elementor-widget-container\">\n\t\t\t\t\t\t\t<div class=\"elementor-posts-container elementor-posts elementor-posts--skin-cards elementor-grid\">\n\t\t\t\t<article class=\"elementor-post elementor-grid-item post-7847 post type-post status-publish format-standard has-post-thumbnail hentry category-pensamentos tag-algoritmos tag-comportamento tag-tecnologia\">\n\t\t\t<div class=\"elementor-post__card\">\n\t\t\t\t<a class=\"elementor-post__thumbnail__link\" href=\"https:\/\/jamilleanahata.com\/en\/e-se-a-hiperconexao-nos-levar-de-volta-ao-analogico\/\" ><div class=\"elementor-post__thumbnail\"><img decoding=\"async\" width=\"400\" height=\"217\" src=\"https:\/\/jamilleanahata.com\/wp-content\/uploads\/2025\/12\/unnamed.jpg\" class=\"attachment-full size-full wp-image-7848\" alt=\"\" srcset=\"https:\/\/jamilleanahata.com\/wp-content\/uploads\/2025\/12\/unnamed.jpg 400w, https:\/\/jamilleanahata.com\/wp-content\/uploads\/2025\/12\/unnamed-300x163.jpg 300w, https:\/\/jamilleanahata.com\/wp-content\/uploads\/2025\/12\/unnamed-18x10.jpg 18w\" sizes=\"(max-width: 400px) 100vw, 400px\" \/><\/div><\/a>\n\t\t\t\t<div class=\"elementor-post__text\">\n\t\t\t\t<h3 class=\"elementor-post__title\">\n\t\t\t<a href=\"https:\/\/jamilleanahata.com\/en\/e-se-a-hiperconexao-nos-levar-de-volta-ao-analogico\/\" >\n\t\t\t\te se a hiperconex\u00e3o nos levar de volta ao anal\u00f3gico?\t\t\t<\/a>\n\t\t<\/h3>\n\t\t\t\t<div class=\"elementor-post__excerpt\">\n\t\t\t<p> discos de vinil, c\u00e2meras anal\u00f3gicas e croch\u00eas <\/p>\n\t\t<\/div>\n\t\t\t\t\t<a class=\"elementor-post__read-more\" href=\"https:\/\/jamilleanahata.com\/en\/e-se-a-hiperconexao-nos-levar-de-volta-ao-analogico\/\" >\n\t\t\t\tread more\t\t\t<\/a>\n\t\t\t\t<\/div>\n\t\t\t\t<div class=\"elementor-post__meta-data\">\n\t\t\t\t\t<span class=\"elementor-post-date\">\n\t\t\t20 de December, 2025\t\t<\/span>\n\t\t\t\t<\/div>\n\t\t\t\t\t<\/div>\n\t\t<\/article>\n\t\t\t\t<article class=\"elementor-post elementor-grid-item post-7836 post type-post status-publish format-standard has-post-thumbnail hentry category-pensamentos tag-aliancas tag-branquitude tag-discussoes-etnico-raciais\">\n\t\t\t<div class=\"elementor-post__card\">\n\t\t\t\t<a class=\"elementor-post__thumbnail__link\" href=\"https:\/\/jamilleanahata.com\/en\/greta-thunberg-e-a-traicao-da-branquitude\/\" ><div class=\"elementor-post__thumbnail\"><img decoding=\"async\" width=\"1920\" height=\"1080\" src=\"https:\/\/jamilleanahata.com\/wp-content\/uploads\/2025\/12\/tripulacao-flotilha-chegada-grecia.png\" class=\"attachment-full size-full wp-image-7837\" alt=\"\" srcset=\"https:\/\/jamilleanahata.com\/wp-content\/uploads\/2025\/12\/tripulacao-flotilha-chegada-grecia.png 1920w, https:\/\/jamilleanahata.com\/wp-content\/uploads\/2025\/12\/tripulacao-flotilha-chegada-grecia-300x169.png 300w, https:\/\/jamilleanahata.com\/wp-content\/uploads\/2025\/12\/tripulacao-flotilha-chegada-grecia-1024x576.png 1024w, https:\/\/jamilleanahata.com\/wp-content\/uploads\/2025\/12\/tripulacao-flotilha-chegada-grecia-768x432.png 768w, https:\/\/jamilleanahata.com\/wp-content\/uploads\/2025\/12\/tripulacao-flotilha-chegada-grecia-1536x864.png 1536w, https:\/\/jamilleanahata.com\/wp-content\/uploads\/2025\/12\/tripulacao-flotilha-chegada-grecia-18x10.png 18w\" sizes=\"(max-width: 1920px) 100vw, 1920px\" \/><\/div><\/a>\n\t\t\t\t<div class=\"elementor-post__text\">\n\t\t\t\t<h3 class=\"elementor-post__title\">\n\t\t\t<a href=\"https:\/\/jamilleanahata.com\/en\/greta-thunberg-e-a-traicao-da-branquitude\/\" >\n\t\t\t\tgreta thunberg e a trai\u00e7\u00e3o da branquitude\t\t\t<\/a>\n\t\t<\/h3>\n\t\t\t\t<div class=\"elementor-post__excerpt\">\n\t\t\t<p>alian\u00e7as sem mudan\u00e7a de protagonismo s\u00e3o poss\u00edveis.<\/p>\n\t\t<\/div>\n\t\t\t\t\t<a class=\"elementor-post__read-more\" href=\"https:\/\/jamilleanahata.com\/en\/greta-thunberg-e-a-traicao-da-branquitude\/\" >\n\t\t\t\tread more\t\t\t<\/a>\n\t\t\t\t<\/div>\n\t\t\t\t<div class=\"elementor-post__meta-data\">\n\t\t\t\t\t<span class=\"elementor-post-date\">\n\t\t\t14 de October, 2025\t\t<\/span>\n\t\t\t\t<\/div>\n\t\t\t\t\t<\/div>\n\t\t<\/article>\n\t\t\t\t<article class=\"elementor-post elementor-grid-item post-7482 post type-post status-publish format-standard has-post-thumbnail hentry category-pensamentos\">\n\t\t\t<div class=\"elementor-post__card\">\n\t\t\t\t<a class=\"elementor-post__thumbnail__link\" href=\"https:\/\/jamilleanahata.com\/en\/um-passo-antes-do-pardo-entendendo-o-caboclo-amazonico\/\" ><div class=\"elementor-post__thumbnail\"><img loading=\"lazy\" decoding=\"async\" width=\"750\" height=\"612\" src=\"https:\/\/jamilleanahata.com\/wp-content\/uploads\/2022\/04\/umpassoantesdopardo-caboclo-amazonida-fotografia-Mauricio-Souza-Instituto-Mamiraua.png\" class=\"attachment-full size-full wp-image-7751\" alt=\"\" srcset=\"https:\/\/jamilleanahata.com\/wp-content\/uploads\/2022\/04\/umpassoantesdopardo-caboclo-amazonida-fotografia-Mauricio-Souza-Instituto-Mamiraua.png 750w, https:\/\/jamilleanahata.com\/wp-content\/uploads\/2022\/04\/umpassoantesdopardo-caboclo-amazonida-fotografia-Mauricio-Souza-Instituto-Mamiraua-300x245.png 300w, https:\/\/jamilleanahata.com\/wp-content\/uploads\/2022\/04\/umpassoantesdopardo-caboclo-amazonida-fotografia-Mauricio-Souza-Instituto-Mamiraua-15x12.png 15w\" sizes=\"(max-width: 750px) 100vw, 750px\" \/><\/div><\/a>\n\t\t\t\t<div class=\"elementor-post__text\">\n\t\t\t\t<h3 class=\"elementor-post__title\">\n\t\t\t<a href=\"https:\/\/jamilleanahata.com\/en\/um-passo-antes-do-pardo-entendendo-o-caboclo-amazonico\/\" >\n\t\t\t\tUm passo antes do pardo: entendendo o caboclo amaz\u00f4nico\t\t\t<\/a>\n\t\t<\/h3>\n\t\t\t\t<div class=\"elementor-post__excerpt\">\n\t\t\t<p>Falar sobre o \u201ccaboclo\u201d, presente na realidade nortista, \u00e9 desenrolar um fio tecido pela coloniza\u00e7\u00e3o.<\/p>\n\t\t<\/div>\n\t\t\t\t\t<a class=\"elementor-post__read-more\" href=\"https:\/\/jamilleanahata.com\/en\/um-passo-antes-do-pardo-entendendo-o-caboclo-amazonico\/\" >\n\t\t\t\tread more\t\t\t<\/a>\n\t\t\t\t<\/div>\n\t\t\t\t<div class=\"elementor-post__meta-data\">\n\t\t\t\t\t<span class=\"elementor-post-date\">\n\t\t\t25 de July, 2020\t\t<\/span>\n\t\t\t\t<\/div>\n\t\t\t\t\t<\/div>\n\t\t<\/article>\n\t\t\t\t<article class=\"elementor-post elementor-grid-item post-7395 post type-post status-publish format-standard has-post-thumbnail hentry category-pensamentos\">\n\t\t\t<div class=\"elementor-post__card\">\n\t\t\t\t<a class=\"elementor-post__thumbnail__link\" href=\"https:\/\/jamilleanahata.com\/en\/whipala-historia-e-significado-da-bandeira\/\" ><div class=\"elementor-post__thumbnail\"><img loading=\"lazy\" decoding=\"async\" width=\"1400\" height=\"933\" src=\"https:\/\/jamilleanahata.com\/wp-content\/uploads\/2021\/09\/0_c5nQNDxUHUBRjaTE.jpeg\" class=\"attachment-full size-full wp-image-7386\" alt=\"\" srcset=\"https:\/\/jamilleanahata.com\/wp-content\/uploads\/2021\/09\/0_c5nQNDxUHUBRjaTE.jpeg 1400w, https:\/\/jamilleanahata.com\/wp-content\/uploads\/2021\/09\/0_c5nQNDxUHUBRjaTE-300x200.jpeg 300w, https:\/\/jamilleanahata.com\/wp-content\/uploads\/2021\/09\/0_c5nQNDxUHUBRjaTE-1024x682.jpeg 1024w, https:\/\/jamilleanahata.com\/wp-content\/uploads\/2021\/09\/0_c5nQNDxUHUBRjaTE-768x512.jpeg 768w, https:\/\/jamilleanahata.com\/wp-content\/uploads\/2021\/09\/0_c5nQNDxUHUBRjaTE-18x12.jpeg 18w\" sizes=\"(max-width: 1400px) 100vw, 1400px\" \/><\/div><\/a>\n\t\t\t\t<div class=\"elementor-post__text\">\n\t\t\t\t<h3 class=\"elementor-post__title\">\n\t\t\t<a href=\"https:\/\/jamilleanahata.com\/en\/whipala-historia-e-significado-da-bandeira\/\" >\n\t\t\t\tWhipala: hist\u00f3ria e significado da bandeira\t\t\t<\/a>\n\t\t<\/h3>\n\t\t\t\t<div class=\"elementor-post__excerpt\">\n\t\t\t<p>A Wiphala \u00e9 uma bandeira com sete cores, onde cada uma delas carrega um significado. Ela n\u00e3o apenas \u00e9 um s\u00edmbolo dos povos origin\u00e1rios da regi\u00e3o da Cordilheira dos Andes, como tamb\u00e9m representa a filosofia andina.<\/p>\n\t\t<\/div>\n\t\t\t\t\t<a class=\"elementor-post__read-more\" href=\"https:\/\/jamilleanahata.com\/en\/whipala-historia-e-significado-da-bandeira\/\" >\n\t\t\t\tread more\t\t\t<\/a>\n\t\t\t\t<\/div>\n\t\t\t\t<div class=\"elementor-post__meta-data\">\n\t\t\t\t\t<span class=\"elementor-post-date\">\n\t\t\t28 de November, 2019\t\t<\/span>\n\t\t\t\t<\/div>\n\t\t\t\t\t<\/div>\n\t\t<\/article>\n\t\t\t\t<article class=\"elementor-post elementor-grid-item post-7393 post type-post status-publish format-standard has-post-thumbnail hentry category-pensamentos\">\n\t\t\t<div class=\"elementor-post__card\">\n\t\t\t\t<a class=\"elementor-post__thumbnail__link\" href=\"https:\/\/jamilleanahata.com\/en\/musica-contemporanea-e-indigena-cantores-para-conhecer\/\" ><div class=\"elementor-post__thumbnail\"><img loading=\"lazy\" decoding=\"async\" width=\"700\" height=\"466\" src=\"https:\/\/jamilleanahata.com\/wp-content\/uploads\/2022\/04\/1_J7gn5rD5b2u-YrhCSqRgDQ.jpeg\" class=\"attachment-full size-full wp-image-7391\" alt=\"\" srcset=\"https:\/\/jamilleanahata.com\/wp-content\/uploads\/2022\/04\/1_J7gn5rD5b2u-YrhCSqRgDQ.jpeg 700w, https:\/\/jamilleanahata.com\/wp-content\/uploads\/2022\/04\/1_J7gn5rD5b2u-YrhCSqRgDQ-300x200.jpeg 300w, https:\/\/jamilleanahata.com\/wp-content\/uploads\/2022\/04\/1_J7gn5rD5b2u-YrhCSqRgDQ-18x12.jpeg 18w\" sizes=\"(max-width: 700px) 100vw, 700px\" \/><\/div><\/a>\n\t\t\t\t<div class=\"elementor-post__text\">\n\t\t\t\t<h3 class=\"elementor-post__title\">\n\t\t\t<a href=\"https:\/\/jamilleanahata.com\/en\/musica-contemporanea-e-indigena-cantores-para-conhecer\/\" >\n\t\t\t\tM\u00fasica contempor\u00e2nea e ind\u00edgena: cantores para conhecer\t\t\t<\/a>\n\t\t<\/h3>\n\t\t\t\t<div class=\"elementor-post__excerpt\">\n\t\t\t<p>Ao pensar em m\u00fasica ind\u00edgena, o lugar-comum \u00e9 pensar nas musicalidades tradicionais contidas nos tor\u00e9s, marac\u00e1s, flautas e tambores. N\u00e3o h\u00e1 nada de errado nisso, mas tamb\u00e9m \u00e9 valioso prestigiar artistas que trazem as vis\u00f5es e mensagens ind\u00edgenas em diferentes formatos, ultrapassando uma expectativa convencional.<\/p>\n\t\t<\/div>\n\t\t\t\t\t<a class=\"elementor-post__read-more\" href=\"https:\/\/jamilleanahata.com\/en\/musica-contemporanea-e-indigena-cantores-para-conhecer\/\" >\n\t\t\t\tread more\t\t\t<\/a>\n\t\t\t\t<\/div>\n\t\t\t\t<div class=\"elementor-post__meta-data\">\n\t\t\t\t\t<span class=\"elementor-post-date\">\n\t\t\t19 de November, 2019\t\t<\/span>\n\t\t\t\t<\/div>\n\t\t\t\t\t<\/div>\n\t\t<\/article>\n\t\t\t\t<article class=\"elementor-post elementor-grid-item post-7804 post type-post status-publish format-standard has-post-thumbnail hentry category-pensamentos tag-discussoes-etnico-raciais tag-pardo tag-povos-indigenas\">\n\t\t\t<div class=\"elementor-post__card\">\n\t\t\t\t<a class=\"elementor-post__thumbnail__link\" href=\"https:\/\/jamilleanahata.com\/en\/complexidade-pardo-nao-lugar-indigena\/\" ><div class=\"elementor-post__thumbnail\"><img loading=\"lazy\" decoding=\"async\" width=\"679\" height=\"452\" src=\"https:\/\/jamilleanahata.com\/wp-content\/uploads\/2024\/02\/jamilleanahata-a-complexidade-do-pardo-nao-lugar-indigena.png\" class=\"attachment-full size-full wp-image-7805\" alt=\"\" srcset=\"https:\/\/jamilleanahata.com\/wp-content\/uploads\/2024\/02\/jamilleanahata-a-complexidade-do-pardo-nao-lugar-indigena.png 679w, https:\/\/jamilleanahata.com\/wp-content\/uploads\/2024\/02\/jamilleanahata-a-complexidade-do-pardo-nao-lugar-indigena-300x200.png 300w, https:\/\/jamilleanahata.com\/wp-content\/uploads\/2024\/02\/jamilleanahata-a-complexidade-do-pardo-nao-lugar-indigena-18x12.png 18w\" sizes=\"(max-width: 679px) 100vw, 679px\" \/><\/div><\/a>\n\t\t\t\t<div class=\"elementor-post__text\">\n\t\t\t\t<h3 class=\"elementor-post__title\">\n\t\t\t<a href=\"https:\/\/jamilleanahata.com\/en\/complexidade-pardo-nao-lugar-indigena\/\" >\n\t\t\t\tA complexidade do \u201cpardo\u201d e o n\u00e3o-lugar ind\u00edgena\t\t\t<\/a>\n\t\t<\/h3>\n\t\t\t\t<div class=\"elementor-post__excerpt\">\n\t\t\t<p>Associar \u201cpardo\u201d exclusivamente \u00e0 negritude significa aderir ao discurso de que ind\u00edgenas foram dizimados.<\/p>\n\t\t<\/div>\n\t\t\t\t\t<a class=\"elementor-post__read-more\" href=\"https:\/\/jamilleanahata.com\/en\/complexidade-pardo-nao-lugar-indigena\/\" >\n\t\t\t\tread more\t\t\t<\/a>\n\t\t\t\t<\/div>\n\t\t\t\t<div class=\"elementor-post__meta-data\">\n\t\t\t\t\t<span class=\"elementor-post-date\">\n\t\t\t3 de September, 2019\t\t<\/span>\n\t\t\t\t<\/div>\n\t\t\t\t\t<\/div>\n\t\t<\/article>\n\t\t\t\t<\/div>\n\n\n\t\t\t\t\t<span class=\"e-load-more-spinner\">\n\t\t\t\t<i aria-hidden=\"true\" class=\"fas fa-spinner\"><\/i>\t\t\t<\/span>\n\t\t\n\t\t\t\t<div class=\"e-load-more-anchor\" data-page=\"1\" data-max-page=\"2\" data-next-page=\"https:\/\/jamilleanahata.com\/en\/wp-json\/wp\/v2\/pages\/7499\/page\/2\/\"><\/div>\n\t\t\t\t<div class=\"e-load-more-message\">No more posts to show<\/div>\n\t\t\t\t\t\t<\/div>\n\t\t\t\t<\/div>\n\t\t\t\t\t<\/div>\n\t\t<\/div>\n\t\t\t\t\t<\/div>\n\t\t<\/section>\n\t\t\t\t<\/div>","protected":false},"excerpt":{"rendered":"<p>pensamentos<\/p>","protected":false},"author":1,"featured_media":0,"parent":7288,"menu_order":0,"comment_status":"closed","ping_status":"closed","template":"elementor_header_footer","meta":{"_acf_changed":false,"footnotes":""},"class_list":["post-7499","page","type-page","status-publish","hentry"],"acf":[],"yoast_head":"<!-- This site is optimized with the Yoast SEO plugin v27.4 - https:\/\/yoast.com\/product\/yoast-seo-wordpress\/ -->\n<title>pensamentos - jamille anahata<\/title>\n<meta name=\"robots\" content=\"index, follow, max-snippet:-1, max-image-preview:large, max-video-preview:-1\" \/>\n<link rel=\"canonical\" href=\"https:\/\/jamilleanahata.com\/en\/blog\/pensamentos\/\" \/>\n<meta property=\"og:locale\" content=\"en_US\" \/>\n<meta property=\"og:type\" content=\"article\" \/>\n<meta property=\"og:title\" content=\"pensamentos - jamille anahata\" \/>\n<meta property=\"og:description\" content=\"pensamentos\" \/>\n<meta property=\"og:url\" content=\"https:\/\/jamilleanahata.com\/en\/blog\/pensamentos\/\" \/>\n<meta property=\"og:site_name\" content=\"jamille anahata\" \/>\n<meta property=\"article:modified_time\" content=\"2024-02-13T21:11:01+00:00\" \/>\n<meta property=\"og:image\" content=\"https:\/\/jamilleanahata.com\/wp-content\/uploads\/2022\/04\/formativo.png\" \/>\n<meta name=\"twitter:card\" content=\"summary_large_image\" \/>\n<meta name=\"twitter:label1\" content=\"Est. reading time\" \/>\n\t<meta name=\"twitter:data1\" content=\"3 minutes\" \/>\n<script type=\"application\/ld+json\" class=\"yoast-schema-graph\">{\"@context\":\"https:\\\/\\\/schema.org\",\"@graph\":[{\"@type\":\"WebPage\",\"@id\":\"https:\\\/\\\/jamilleanahata.com\\\/blog\\\/pensamentos\\\/\",\"url\":\"https:\\\/\\\/jamilleanahata.com\\\/blog\\\/pensamentos\\\/\",\"name\":\"pensamentos - jamille anahata\",\"isPartOf\":{\"@id\":\"https:\\\/\\\/jamilleanahata.com\\\/#website\"},\"primaryImageOfPage\":{\"@id\":\"https:\\\/\\\/jamilleanahata.com\\\/blog\\\/pensamentos\\\/#primaryimage\"},\"image\":{\"@id\":\"https:\\\/\\\/jamilleanahata.com\\\/blog\\\/pensamentos\\\/#primaryimage\"},\"thumbnailUrl\":\"https:\\\/\\\/jamilleanahata.com\\\/wp-content\\\/uploads\\\/2022\\\/04\\\/formativo.png\",\"datePublished\":\"2022-04-08T12:25:23+00:00\",\"dateModified\":\"2024-02-13T21:11:01+00:00\",\"breadcrumb\":{\"@id\":\"https:\\\/\\\/jamilleanahata.com\\\/blog\\\/pensamentos\\\/#breadcrumb\"},\"inLanguage\":\"en-US\",\"potentialAction\":[{\"@type\":\"ReadAction\",\"target\":[\"https:\\\/\\\/jamilleanahata.com\\\/blog\\\/pensamentos\\\/\"]}]},{\"@type\":\"ImageObject\",\"inLanguage\":\"en-US\",\"@id\":\"https:\\\/\\\/jamilleanahata.com\\\/blog\\\/pensamentos\\\/#primaryimage\",\"url\":\"https:\\\/\\\/jamilleanahata.com\\\/wp-content\\\/uploads\\\/2022\\\/04\\\/formativo.png\",\"contentUrl\":\"https:\\\/\\\/jamilleanahata.com\\\/wp-content\\\/uploads\\\/2022\\\/04\\\/formativo.png\"},{\"@type\":\"BreadcrumbList\",\"@id\":\"https:\\\/\\\/jamilleanahata.com\\\/blog\\\/pensamentos\\\/#breadcrumb\",\"itemListElement\":[{\"@type\":\"ListItem\",\"position\":1,\"name\":\"In\u00edcio\",\"item\":\"https:\\\/\\\/jamilleanahata.com\\\/\"},{\"@type\":\"ListItem\",\"position\":2,\"name\":\"minhas palavras\",\"item\":\"https:\\\/\\\/jamilleanahata.com\\\/blog\\\/\"},{\"@type\":\"ListItem\",\"position\":3,\"name\":\"pensamentos\"}]},{\"@type\":\"WebSite\",\"@id\":\"https:\\\/\\\/jamilleanahata.com\\\/#website\",\"url\":\"https:\\\/\\\/jamilleanahata.com\\\/\",\"name\":\"jamille anahata\",\"description\":\"experimentar a palavra e o corpo\",\"publisher\":{\"@id\":\"https:\\\/\\\/jamilleanahata.com\\\/#organization\"},\"potentialAction\":[{\"@type\":\"SearchAction\",\"target\":{\"@type\":\"EntryPoint\",\"urlTemplate\":\"https:\\\/\\\/jamilleanahata.com\\\/?s={search_term_string}\"},\"query-input\":{\"@type\":\"PropertyValueSpecification\",\"valueRequired\":true,\"valueName\":\"search_term_string\"}}],\"inLanguage\":\"en-US\"},{\"@type\":\"Organization\",\"@id\":\"https:\\\/\\\/jamilleanahata.com\\\/#organization\",\"name\":\"jamille anahata\",\"url\":\"https:\\\/\\\/jamilleanahata.com\\\/\",\"logo\":{\"@type\":\"ImageObject\",\"inLanguage\":\"en-US\",\"@id\":\"https:\\\/\\\/jamilleanahata.com\\\/#\\\/schema\\\/logo\\\/image\\\/\",\"url\":\"https:\\\/\\\/jamilleanahata.com\\\/wp-content\\\/uploads\\\/2022\\\/03\\\/elementos_logo-terracota.png\",\"contentUrl\":\"https:\\\/\\\/jamilleanahata.com\\\/wp-content\\\/uploads\\\/2022\\\/03\\\/elementos_logo-terracota.png\",\"width\":1378,\"height\":594,\"caption\":\"jamille anahata\"},\"image\":{\"@id\":\"https:\\\/\\\/jamilleanahata.com\\\/#\\\/schema\\\/logo\\\/image\\\/\"}}]}<\/script>\n<!-- \/ Yoast SEO plugin. -->","yoast_head_json":{"title":"pensamentos - jamille anahata","robots":{"index":"index","follow":"follow","max-snippet":"max-snippet:-1","max-image-preview":"max-image-preview:large","max-video-preview":"max-video-preview:-1"},"canonical":"https:\/\/jamilleanahata.com\/en\/blog\/pensamentos\/","og_locale":"en_US","og_type":"article","og_title":"pensamentos - jamille anahata","og_description":"pensamentos","og_url":"https:\/\/jamilleanahata.com\/en\/blog\/pensamentos\/","og_site_name":"jamille anahata","article_modified_time":"2024-02-13T21:11:01+00:00","og_image":[{"url":"https:\/\/jamilleanahata.com\/wp-content\/uploads\/2022\/04\/formativo.png","type":"","width":"","height":""}],"twitter_card":"summary_large_image","twitter_misc":{"Est. reading time":"3 minutes"},"schema":{"@context":"https:\/\/schema.org","@graph":[{"@type":"WebPage","@id":"https:\/\/jamilleanahata.com\/blog\/pensamentos\/","url":"https:\/\/jamilleanahata.com\/blog\/pensamentos\/","name":"pensamentos - jamille anahata","isPartOf":{"@id":"https:\/\/jamilleanahata.com\/#website"},"primaryImageOfPage":{"@id":"https:\/\/jamilleanahata.com\/blog\/pensamentos\/#primaryimage"},"image":{"@id":"https:\/\/jamilleanahata.com\/blog\/pensamentos\/#primaryimage"},"thumbnailUrl":"https:\/\/jamilleanahata.com\/wp-content\/uploads\/2022\/04\/formativo.png","datePublished":"2022-04-08T12:25:23+00:00","dateModified":"2024-02-13T21:11:01+00:00","breadcrumb":{"@id":"https:\/\/jamilleanahata.com\/blog\/pensamentos\/#breadcrumb"},"inLanguage":"en-US","potentialAction":[{"@type":"ReadAction","target":["https:\/\/jamilleanahata.com\/blog\/pensamentos\/"]}]},{"@type":"ImageObject","inLanguage":"en-US","@id":"https:\/\/jamilleanahata.com\/blog\/pensamentos\/#primaryimage","url":"https:\/\/jamilleanahata.com\/wp-content\/uploads\/2022\/04\/formativo.png","contentUrl":"https:\/\/jamilleanahata.com\/wp-content\/uploads\/2022\/04\/formativo.png"},{"@type":"BreadcrumbList","@id":"https:\/\/jamilleanahata.com\/blog\/pensamentos\/#breadcrumb","itemListElement":[{"@type":"ListItem","position":1,"name":"In\u00edcio","item":"https:\/\/jamilleanahata.com\/"},{"@type":"ListItem","position":2,"name":"minhas palavras","item":"https:\/\/jamilleanahata.com\/blog\/"},{"@type":"ListItem","position":3,"name":"pensamentos"}]},{"@type":"WebSite","@id":"https:\/\/jamilleanahata.com\/#website","url":"https:\/\/jamilleanahata.com\/","name":"jamille anahata","description":"experimentar a palavra e o corpo","publisher":{"@id":"https:\/\/jamilleanahata.com\/#organization"},"potentialAction":[{"@type":"SearchAction","target":{"@type":"EntryPoint","urlTemplate":"https:\/\/jamilleanahata.com\/?s={search_term_string}"},"query-input":{"@type":"PropertyValueSpecification","valueRequired":true,"valueName":"search_term_string"}}],"inLanguage":"en-US"},{"@type":"Organization","@id":"https:\/\/jamilleanahata.com\/#organization","name":"jamille anahata","url":"https:\/\/jamilleanahata.com\/","logo":{"@type":"ImageObject","inLanguage":"en-US","@id":"https:\/\/jamilleanahata.com\/#\/schema\/logo\/image\/","url":"https:\/\/jamilleanahata.com\/wp-content\/uploads\/2022\/03\/elementos_logo-terracota.png","contentUrl":"https:\/\/jamilleanahata.com\/wp-content\/uploads\/2022\/03\/elementos_logo-terracota.png","width":1378,"height":594,"caption":"jamille anahata"},"image":{"@id":"https:\/\/jamilleanahata.com\/#\/schema\/logo\/image\/"}}]}},"_links":{"self":[{"href":"https:\/\/jamilleanahata.com\/en\/wp-json\/wp\/v2\/pages\/7499","targetHints":{"allow":["GET"]}}],"collection":[{"href":"https:\/\/jamilleanahata.com\/en\/wp-json\/wp\/v2\/pages"}],"about":[{"href":"https:\/\/jamilleanahata.com\/en\/wp-json\/wp\/v2\/types\/page"}],"author":[{"embeddable":true,"href":"https:\/\/jamilleanahata.com\/en\/wp-json\/wp\/v2\/users\/1"}],"replies":[{"embeddable":true,"href":"https:\/\/jamilleanahata.com\/en\/wp-json\/wp\/v2\/comments?post=7499"}],"version-history":[{"count":16,"href":"https:\/\/jamilleanahata.com\/en\/wp-json\/wp\/v2\/pages\/7499\/revisions"}],"predecessor-version":[{"id":7723,"href":"https:\/\/jamilleanahata.com\/en\/wp-json\/wp\/v2\/pages\/7499\/revisions\/7723"}],"up":[{"embeddable":true,"href":"https:\/\/jamilleanahata.com\/en\/wp-json\/wp\/v2\/pages\/7288"}],"wp:attachment":[{"href":"https:\/\/jamilleanahata.com\/en\/wp-json\/wp\/v2\/media?parent=7499"}],"curies":[{"name":"wp","href":"https:\/\/api.w.org\/{rel}","templated":true}]}}