{"id":7286,"date":"2022-03-28T16:07:40","date_gmt":"2022-03-28T16:07:40","guid":{"rendered":"https:\/\/jamilleanahata.com\/?page_id=7286"},"modified":"2024-02-14T19:59:27","modified_gmt":"2024-02-14T19:59:27","slug":"midia","status":"publish","type":"page","link":"https:\/\/jamilleanahata.com\/en\/midia\/","title":{"rendered":"m\u00eddia"},"content":{"rendered":"<div data-elementor-type=\"wp-page\" data-elementor-id=\"7286\" class=\"elementor elementor-7286\">\n\t\t\t\t\t\t<section class=\"elementor-section elementor-top-section elementor-element elementor-element-7b175dd elementor-section-height-min-height elementor-section-boxed elementor-section-height-default elementor-section-items-middle\" data-id=\"7b175dd\" data-element_type=\"section\" data-e-type=\"section\" data-settings=\"{&quot;background_background&quot;:&quot;classic&quot;}\">\n\t\t\t\t\t\t<div class=\"elementor-container elementor-column-gap-default\">\n\t\t\t\t\t<div class=\"elementor-column elementor-col-100 elementor-top-column elementor-element elementor-element-9df2025\" data-id=\"9df2025\" data-element_type=\"column\" data-e-type=\"column\">\n\t\t\t<div class=\"elementor-widget-wrap elementor-element-populated\">\n\t\t\t\t\t\t<section class=\"elementor-section elementor-inner-section elementor-element elementor-element-ec27277 elementor-section-boxed elementor-section-height-default elementor-section-height-default\" data-id=\"ec27277\" data-element_type=\"section\" data-e-type=\"section\">\n\t\t\t\t\t\t<div class=\"elementor-container elementor-column-gap-default\">\n\t\t\t\t\t<div class=\"elementor-column elementor-col-50 elementor-inner-column elementor-element elementor-element-991afa1\" data-id=\"991afa1\" data-element_type=\"column\" data-e-type=\"column\">\n\t\t\t<div class=\"elementor-widget-wrap elementor-element-populated\">\n\t\t\t\t\t\t<div class=\"elementor-element elementor-element-9a4d9e3 elementor-widget elementor-widget-heading\" data-id=\"9a4d9e3\" data-element_type=\"widget\" data-e-type=\"widget\" data-widget_type=\"heading.default\">\n\t\t\t\t<div class=\"elementor-widget-container\">\n\t\t\t\t\t<h2 class=\"elementor-heading-title elementor-size-default\">m\u00eddias e<\/h2>\t\t\t\t<\/div>\n\t\t\t\t<\/div>\n\t\t\t\t<div class=\"elementor-element elementor-element-f838c5f elementor-widget elementor-widget-heading\" data-id=\"f838c5f\" data-element_type=\"widget\" data-e-type=\"widget\" data-widget_type=\"heading.default\">\n\t\t\t\t<div class=\"elementor-widget-container\">\n\t\t\t\t\t<h2 class=\"elementor-heading-title elementor-size-default\">performances<\/h2>\t\t\t\t<\/div>\n\t\t\t\t<\/div>\n\t\t\t\t\t<\/div>\n\t\t<\/div>\n\t\t\t\t<div class=\"elementor-column elementor-col-50 elementor-inner-column elementor-element elementor-element-da4e6b5\" data-id=\"da4e6b5\" data-element_type=\"column\" data-e-type=\"column\">\n\t\t\t<div class=\"elementor-widget-wrap elementor-element-populated\">\n\t\t\t\t\t\t<div class=\"elementor-element elementor-element-3bdcd45 elementor-widget-divider--view-line elementor-invisible elementor-widget elementor-widget-divider\" data-id=\"3bdcd45\" data-element_type=\"widget\" data-e-type=\"widget\" data-settings=\"{&quot;_animation&quot;:&quot;fadeIn&quot;}\" data-widget_type=\"divider.default\">\n\t\t\t\t<div class=\"elementor-widget-container\">\n\t\t\t\t\t\t\t<div class=\"elementor-divider\">\n\t\t\t<span class=\"elementor-divider-separator\">\n\t\t\t\t\t\t<\/span>\n\t\t<\/div>\n\t\t\t\t\t\t<\/div>\n\t\t\t\t<\/div>\n\t\t\t\t\t<\/div>\n\t\t<\/div>\n\t\t\t\t\t<\/div>\n\t\t<\/section>\n\t\t\t\t<section class=\"elementor-section elementor-inner-section elementor-element elementor-element-6664ead elementor-section-boxed elementor-section-height-default elementor-section-height-default\" data-id=\"6664ead\" data-element_type=\"section\" data-e-type=\"section\">\n\t\t\t\t\t\t<div class=\"elementor-container elementor-column-gap-default\">\n\t\t\t\t\t<div class=\"elementor-column elementor-col-100 elementor-inner-column elementor-element elementor-element-5776bab\" data-id=\"5776bab\" data-element_type=\"column\" data-e-type=\"column\">\n\t\t\t<div class=\"elementor-widget-wrap elementor-element-populated\">\n\t\t\t\t\t\t<div class=\"elementor-element elementor-element-4e16cfc elementor-grid-2 elementor-grid-tablet-2 elementor-grid-mobile-1 elementor-posts--thumbnail-top elementor-widget elementor-widget-posts\" data-id=\"4e16cfc\" data-element_type=\"widget\" data-e-type=\"widget\" data-settings=\"{&quot;classic_columns&quot;:&quot;2&quot;,&quot;pagination_type&quot;:&quot;load_more_infinite_scroll&quot;,&quot;classic_columns_tablet&quot;:&quot;2&quot;,&quot;classic_columns_mobile&quot;:&quot;1&quot;,&quot;classic_row_gap&quot;:{&quot;unit&quot;:&quot;px&quot;,&quot;size&quot;:35,&quot;sizes&quot;:[]},&quot;classic_row_gap_tablet&quot;:{&quot;unit&quot;:&quot;px&quot;,&quot;size&quot;:&quot;&quot;,&quot;sizes&quot;:[]},&quot;classic_row_gap_mobile&quot;:{&quot;unit&quot;:&quot;px&quot;,&quot;size&quot;:&quot;&quot;,&quot;sizes&quot;:[]},&quot;load_more_spinner&quot;:{&quot;value&quot;:&quot;fas fa-spinner&quot;,&quot;library&quot;:&quot;fa-solid&quot;}}\" data-widget_type=\"posts.classic\">\n\t\t\t\t<div class=\"elementor-widget-container\">\n\t\t\t\t\t\t\t<div class=\"elementor-posts-container elementor-posts elementor-posts--skin-classic elementor-grid\">\n\t\t\t\t<article class=\"elementor-post elementor-grid-item post-7549 post type-post status-publish format-standard has-post-thumbnail hentry category-midias-e-performances\">\n\t\t\t\t<a class=\"elementor-post__thumbnail__link\" href=\"https:\/\/jamilleanahata.com\/en\/performance-cukuriju-no-macrofonia\/\" >\n\t\t\t<div class=\"elementor-post__thumbnail\"><img fetchpriority=\"high\" decoding=\"async\" width=\"1100\" height=\"479\" src=\"https:\/\/jamilleanahata.com\/wp-content\/uploads\/2022\/04\/jamilleanahata-performancecukuriju.png\" class=\"attachment-full size-full wp-image-7770\" alt=\"\" srcset=\"https:\/\/jamilleanahata.com\/wp-content\/uploads\/2022\/04\/jamilleanahata-performancecukuriju.png 1100w, https:\/\/jamilleanahata.com\/wp-content\/uploads\/2022\/04\/jamilleanahata-performancecukuriju-300x131.png 300w, https:\/\/jamilleanahata.com\/wp-content\/uploads\/2022\/04\/jamilleanahata-performancecukuriju-1024x446.png 1024w, https:\/\/jamilleanahata.com\/wp-content\/uploads\/2022\/04\/jamilleanahata-performancecukuriju-768x334.png 768w, https:\/\/jamilleanahata.com\/wp-content\/uploads\/2022\/04\/jamilleanahata-performancecukuriju-18x8.png 18w\" sizes=\"(max-width: 1100px) 100vw, 1100px\" \/><\/div>\n\t\t<\/a>\n\t\t\t\t<div class=\"elementor-post__text\">\n\t\t\t\t<h3 class=\"elementor-post__title\">\n\t\t\t<a href=\"https:\/\/jamilleanahata.com\/en\/performance-cukuriju-no-macrofonia\/\" >\n\t\t\t\tPerformance \u00c7ukuriju &#8211; Macrofonia\t\t\t<\/a>\n\t\t<\/h3>\n\t\t\t\t<div class=\"elementor-post__meta-data\">\n\t\t\t\t\t<span class=\"elementor-post-date\">\n\t\t\t16 de December, 2021\t\t<\/span>\n\t\t\t\t<\/div>\n\t\t\t\t<div class=\"elementor-post__excerpt\">\n\t\t\t<p>Em \u00c7ukuriju, um corpo c\u00f3smico carrega em sua trama os fluidos de vida e transforma\u00e7\u00e3o. Ganha forma a incandesc\u00eancia, viaja levando os sonhos e assombros do tempo. \u00c1gua e fogo se banham no tecido de \u00c7ukuriju.<\/p>\n\t\t<\/div>\n\t\t\t\t\t<a class=\"elementor-post__read-more\" href=\"https:\/\/jamilleanahata.com\/en\/performance-cukuriju-no-macrofonia\/\" >\n\t\t\t\tsee all\t\t\t<\/a>\n\t\t\t\t<\/div>\n\t\t\t\t<\/article>\n\t\t\t\t<article class=\"elementor-post elementor-grid-item post-7572 post type-post status-publish format-standard has-post-thumbnail hentry category-midias-e-performances\">\n\t\t\t\t<a class=\"elementor-post__thumbnail__link\" href=\"https:\/\/jamilleanahata.com\/en\/triptico-arte-pelo-clima-ycl-hub-amazonas\/\" >\n\t\t\t<div class=\"elementor-post__thumbnail\"><img decoding=\"async\" width=\"852\" height=\"477\" src=\"https:\/\/jamilleanahata.com\/wp-content\/uploads\/2022\/04\/jamilleanahata-artepeloclima-youthclimateleaders-hub-amazonia-sarahcampelo-marcelorufi.png\" class=\"attachment-full size-full wp-image-7774\" alt=\"\" srcset=\"https:\/\/jamilleanahata.com\/wp-content\/uploads\/2022\/04\/jamilleanahata-artepeloclima-youthclimateleaders-hub-amazonia-sarahcampelo-marcelorufi.png 852w, https:\/\/jamilleanahata.com\/wp-content\/uploads\/2022\/04\/jamilleanahata-artepeloclima-youthclimateleaders-hub-amazonia-sarahcampelo-marcelorufi-300x168.png 300w, https:\/\/jamilleanahata.com\/wp-content\/uploads\/2022\/04\/jamilleanahata-artepeloclima-youthclimateleaders-hub-amazonia-sarahcampelo-marcelorufi-768x430.png 768w, https:\/\/jamilleanahata.com\/wp-content\/uploads\/2022\/04\/jamilleanahata-artepeloclima-youthclimateleaders-hub-amazonia-sarahcampelo-marcelorufi-18x10.png 18w\" sizes=\"(max-width: 852px) 100vw, 852px\" \/><\/div>\n\t\t<\/a>\n\t\t\t\t<div class=\"elementor-post__text\">\n\t\t\t\t<h3 class=\"elementor-post__title\">\n\t\t\t<a href=\"https:\/\/jamilleanahata.com\/en\/triptico-arte-pelo-clima-ycl-hub-amazonas\/\" >\n\t\t\t\tTr\u00edptico &#8211; Arte pelo Clima\t\t\t<\/a>\n\t\t<\/h3>\n\t\t\t\t<div class=\"elementor-post__meta-data\">\n\t\t\t\t\t<span class=\"elementor-post-date\">\n\t\t\t25 de September, 2021\t\t<\/span>\n\t\t\t\t<\/div>\n\t\t\t\t<div class=\"elementor-post__excerpt\">\n\t\t\t<p>Cria\u00e7\u00e3o de tr\u00edptico a partir do convite do hub do Youth Climate Leaders, com a mudan\u00e7a clim\u00e1tica como ponto de partida. Processo e telas feitas por artistas manauaras: jamille anahata, Marcelo Rufi e Sarah Campelo,<\/p>\n\t\t<\/div>\n\t\t\t\t\t<a class=\"elementor-post__read-more\" href=\"https:\/\/jamilleanahata.com\/en\/triptico-arte-pelo-clima-ycl-hub-amazonas\/\" >\n\t\t\t\tsee all\t\t\t<\/a>\n\t\t\t\t<\/div>\n\t\t\t\t<\/article>\n\t\t\t\t<\/div>\n\n\n\t\t\t\t\t<span class=\"e-load-more-spinner\">\n\t\t\t\t<i aria-hidden=\"true\" class=\"fas fa-spinner\"><\/i>\t\t\t<\/span>\n\t\t\n\t\t\t\t\t\t<\/div>\n\t\t\t\t<\/div>\n\t\t\t\t\t<\/div>\n\t\t<\/div>\n\t\t\t\t\t<\/div>\n\t\t<\/section>\n\t\t\t\t\t<\/div>\n\t\t<\/div>\n\t\t\t\t\t<\/div>\n\t\t<\/section>\n\t\t\t\t<\/div>","protected":false},"excerpt":{"rendered":"<p>m\u00eddias e performances<\/p>","protected":false},"author":1,"featured_media":0,"parent":0,"menu_order":0,"comment_status":"closed","ping_status":"closed","template":"elementor_header_footer","meta":{"_acf_changed":false,"footnotes":""},"class_list":["post-7286","page","type-page","status-publish","hentry"],"acf":[],"yoast_head":"<!-- This site is optimized with the Yoast SEO plugin v27.4 - https:\/\/yoast.com\/product\/yoast-seo-wordpress\/ -->\n<title>m\u00eddia - jamille anahata<\/title>\n<meta name=\"robots\" content=\"index, follow, max-snippet:-1, max-image-preview:large, max-video-preview:-1\" \/>\n<link rel=\"canonical\" href=\"https:\/\/jamilleanahata.com\/en\/midia\/\" \/>\n<meta property=\"og:locale\" content=\"en_US\" \/>\n<meta property=\"og:type\" content=\"article\" \/>\n<meta property=\"og:title\" content=\"m\u00eddia - jamille anahata\" \/>\n<meta property=\"og:description\" content=\"m\u00eddias e performances\" \/>\n<meta property=\"og:url\" content=\"https:\/\/jamilleanahata.com\/en\/midia\/\" \/>\n<meta property=\"og:site_name\" content=\"jamille anahata\" \/>\n<meta property=\"article:modified_time\" content=\"2024-02-14T19:59:27+00:00\" \/>\n<meta name=\"twitter:card\" content=\"summary_large_image\" \/>\n<meta name=\"twitter:label1\" content=\"Est. reading time\" \/>\n\t<meta name=\"twitter:data1\" content=\"1 minute\" \/>\n<script type=\"application\/ld+json\" class=\"yoast-schema-graph\">{\"@context\":\"https:\\\/\\\/schema.org\",\"@graph\":[{\"@type\":\"WebPage\",\"@id\":\"https:\\\/\\\/jamilleanahata.com\\\/midia\\\/\",\"url\":\"https:\\\/\\\/jamilleanahata.com\\\/midia\\\/\",\"name\":\"m\u00eddia - jamille anahata\",\"isPartOf\":{\"@id\":\"https:\\\/\\\/jamilleanahata.com\\\/#website\"},\"datePublished\":\"2022-03-28T16:07:40+00:00\",\"dateModified\":\"2024-02-14T19:59:27+00:00\",\"breadcrumb\":{\"@id\":\"https:\\\/\\\/jamilleanahata.com\\\/midia\\\/#breadcrumb\"},\"inLanguage\":\"en-US\",\"potentialAction\":[{\"@type\":\"ReadAction\",\"target\":[\"https:\\\/\\\/jamilleanahata.com\\\/midia\\\/\"]}]},{\"@type\":\"BreadcrumbList\",\"@id\":\"https:\\\/\\\/jamilleanahata.com\\\/midia\\\/#breadcrumb\",\"itemListElement\":[{\"@type\":\"ListItem\",\"position\":1,\"name\":\"In\u00edcio\",\"item\":\"https:\\\/\\\/jamilleanahata.com\\\/\"},{\"@type\":\"ListItem\",\"position\":2,\"name\":\"m\u00eddia\"}]},{\"@type\":\"WebSite\",\"@id\":\"https:\\\/\\\/jamilleanahata.com\\\/#website\",\"url\":\"https:\\\/\\\/jamilleanahata.com\\\/\",\"name\":\"jamille anahata\",\"description\":\"experimentar a palavra e o corpo\",\"publisher\":{\"@id\":\"https:\\\/\\\/jamilleanahata.com\\\/#organization\"},\"potentialAction\":[{\"@type\":\"SearchAction\",\"target\":{\"@type\":\"EntryPoint\",\"urlTemplate\":\"https:\\\/\\\/jamilleanahata.com\\\/?s={search_term_string}\"},\"query-input\":{\"@type\":\"PropertyValueSpecification\",\"valueRequired\":true,\"valueName\":\"search_term_string\"}}],\"inLanguage\":\"en-US\"},{\"@type\":\"Organization\",\"@id\":\"https:\\\/\\\/jamilleanahata.com\\\/#organization\",\"name\":\"jamille anahata\",\"url\":\"https:\\\/\\\/jamilleanahata.com\\\/\",\"logo\":{\"@type\":\"ImageObject\",\"inLanguage\":\"en-US\",\"@id\":\"https:\\\/\\\/jamilleanahata.com\\\/#\\\/schema\\\/logo\\\/image\\\/\",\"url\":\"https:\\\/\\\/jamilleanahata.com\\\/wp-content\\\/uploads\\\/2022\\\/03\\\/elementos_logo-terracota.png\",\"contentUrl\":\"https:\\\/\\\/jamilleanahata.com\\\/wp-content\\\/uploads\\\/2022\\\/03\\\/elementos_logo-terracota.png\",\"width\":1378,\"height\":594,\"caption\":\"jamille anahata\"},\"image\":{\"@id\":\"https:\\\/\\\/jamilleanahata.com\\\/#\\\/schema\\\/logo\\\/image\\\/\"}}]}<\/script>\n<!-- \/ Yoast SEO plugin. -->","yoast_head_json":{"title":"m\u00eddia - jamille anahata","robots":{"index":"index","follow":"follow","max-snippet":"max-snippet:-1","max-image-preview":"max-image-preview:large","max-video-preview":"max-video-preview:-1"},"canonical":"https:\/\/jamilleanahata.com\/en\/midia\/","og_locale":"en_US","og_type":"article","og_title":"m\u00eddia - jamille anahata","og_description":"m\u00eddias e performances","og_url":"https:\/\/jamilleanahata.com\/en\/midia\/","og_site_name":"jamille anahata","article_modified_time":"2024-02-14T19:59:27+00:00","twitter_card":"summary_large_image","twitter_misc":{"Est. reading time":"1 minute"},"schema":{"@context":"https:\/\/schema.org","@graph":[{"@type":"WebPage","@id":"https:\/\/jamilleanahata.com\/midia\/","url":"https:\/\/jamilleanahata.com\/midia\/","name":"m\u00eddia - jamille anahata","isPartOf":{"@id":"https:\/\/jamilleanahata.com\/#website"},"datePublished":"2022-03-28T16:07:40+00:00","dateModified":"2024-02-14T19:59:27+00:00","breadcrumb":{"@id":"https:\/\/jamilleanahata.com\/midia\/#breadcrumb"},"inLanguage":"en-US","potentialAction":[{"@type":"ReadAction","target":["https:\/\/jamilleanahata.com\/midia\/"]}]},{"@type":"BreadcrumbList","@id":"https:\/\/jamilleanahata.com\/midia\/#breadcrumb","itemListElement":[{"@type":"ListItem","position":1,"name":"In\u00edcio","item":"https:\/\/jamilleanahata.com\/"},{"@type":"ListItem","position":2,"name":"m\u00eddia"}]},{"@type":"WebSite","@id":"https:\/\/jamilleanahata.com\/#website","url":"https:\/\/jamilleanahata.com\/","name":"jamille anahata","description":"experimentar a palavra e o corpo","publisher":{"@id":"https:\/\/jamilleanahata.com\/#organization"},"potentialAction":[{"@type":"SearchAction","target":{"@type":"EntryPoint","urlTemplate":"https:\/\/jamilleanahata.com\/?s={search_term_string}"},"query-input":{"@type":"PropertyValueSpecification","valueRequired":true,"valueName":"search_term_string"}}],"inLanguage":"en-US"},{"@type":"Organization","@id":"https:\/\/jamilleanahata.com\/#organization","name":"jamille anahata","url":"https:\/\/jamilleanahata.com\/","logo":{"@type":"ImageObject","inLanguage":"en-US","@id":"https:\/\/jamilleanahata.com\/#\/schema\/logo\/image\/","url":"https:\/\/jamilleanahata.com\/wp-content\/uploads\/2022\/03\/elementos_logo-terracota.png","contentUrl":"https:\/\/jamilleanahata.com\/wp-content\/uploads\/2022\/03\/elementos_logo-terracota.png","width":1378,"height":594,"caption":"jamille anahata"},"image":{"@id":"https:\/\/jamilleanahata.com\/#\/schema\/logo\/image\/"}}]}},"_links":{"self":[{"href":"https:\/\/jamilleanahata.com\/en\/wp-json\/wp\/v2\/pages\/7286","targetHints":{"allow":["GET"]}}],"collection":[{"href":"https:\/\/jamilleanahata.com\/en\/wp-json\/wp\/v2\/pages"}],"about":[{"href":"https:\/\/jamilleanahata.com\/en\/wp-json\/wp\/v2\/types\/page"}],"author":[{"embeddable":true,"href":"https:\/\/jamilleanahata.com\/en\/wp-json\/wp\/v2\/users\/1"}],"replies":[{"embeddable":true,"href":"https:\/\/jamilleanahata.com\/en\/wp-json\/wp\/v2\/comments?post=7286"}],"version-history":[{"count":22,"href":"https:\/\/jamilleanahata.com\/en\/wp-json\/wp\/v2\/pages\/7286\/revisions"}],"predecessor-version":[{"id":7781,"href":"https:\/\/jamilleanahata.com\/en\/wp-json\/wp\/v2\/pages\/7286\/revisions\/7781"}],"wp:attachment":[{"href":"https:\/\/jamilleanahata.com\/en\/wp-json\/wp\/v2\/media?parent=7286"}],"curies":[{"name":"wp","href":"https:\/\/api.w.org\/{rel}","templated":true}]}}